{"id":2391,"date":"2025-05-09T16:36:51","date_gmt":"2025-05-09T14:36:51","guid":{"rendered":"https:\/\/cafelapotiere.fr\/?page_id=2391"},"modified":"2025-07-11T18:21:14","modified_gmt":"2025-07-11T16:21:14","slug":"groupe","status":"publish","type":"page","link":"https:\/\/cafelapotiere.fr\/index.php\/groupe\/","title":{"rendered":"Groupe"},"content":{"rendered":"<p><div class=\"fusion-fullwidth fullwidth-box fusion-builder-row-1 fusion-flex-container nonhundred-percent-fullwidth non-hundred-percent-height-scrolling\" style=\"--awb-border-radius-top-left:0px;--awb-border-radius-top-right:0px;--awb-border-radius-bottom-right:0px;--awb-border-radius-bottom-left:0px;--awb-padding-top:4%;--awb-padding-bottom:4%;--awb-padding-bottom-small:0px;--awb-background-image:linear-gradient(180deg, var(--awb-color2) 50%,rgba(255,255,255,0) 83%);--awb-flex-wrap:wrap;\" ><div class=\"fusion-builder-row fusion-row fusion-flex-align-items-stretch fusion-flex-justify-content-center fusion-flex-content-wrap\" style=\"max-width:1248px;margin-left: calc(-4% \/ 2 );margin-right: calc(-4% \/ 2 );\"><div class=\"fusion-layout-column fusion_builder_column fusion-builder-column-0 fusion_builder_column_3_5 3_5 fusion-flex-column\" style=\"--awb-bg-size:cover;--awb-width-large:60%;--awb-margin-top-large:40px;--awb-spacing-right-large:3.2%;--awb-margin-bottom-large:40px;--awb-spacing-left-large:3.2%;--awb-width-medium:100%;--awb-spacing-right-medium:1.92%;--awb-spacing-left-medium:1.92%;--awb-width-small:100%;--awb-spacing-right-small:1.92%;--awb-spacing-left-small:1.92%;\"><div class=\"fusion-column-wrapper fusion-column-has-shadow fusion-flex-justify-content-center fusion-content-layout-column\"><div class=\"fusion-separator fusion-full-width-sep\" style=\"align-self: center;margin-left: auto;margin-right: auto;margin-top:5px;margin-bottom:5px;width:100%;\"><\/div><div class=\"fusion-title title fusion-title-1 fusion-sep-none fusion-title-center fusion-title-text fusion-title-size-one\" style=\"--awb-text-color:var(--awb-color3);--awb-margin-bottom:25px;--awb-font-size:56px;\"><h1 class=\"fusion-title-heading title-heading-center fusion-responsive-typography-calculated\" style=\"margin:0;font-size:1em;--fontSize:56;line-height:1.21;\">R\u00e9servez<\/p>\n<div>votre \u00e9v\u00e8nement<\/div><\/h1><\/div><div class=\"fusion-text fusion-text-1\"><p style=\"font-size: 18px; line-height: 30px; text-align: center;\" data-fusion-font=\"true\"><span style=\"color: var(--awb-text-color); font-family: var(--awb-text-font-family); font-size: var(--awb-font-size); font-style: var(--awb-text-font-style); letter-spacing: var(--awb-letter-spacing); text-align: var(--awb-content-alignment); text-transform: var(--awb-text-transform); background-color: var(--awb-bg-color-hover);\">Envie de c\u00e9l\u00e9brer un moment sp\u00e9cial entre amis ou coll\u00e8gues ?<\/span><\/p>\n<p>Anniversaire, EVJF, team building\u2026 toutes les occasions sont bonnes pour partager un moment cr\u00e9atif et convivial \u00e0 La Poti\u00e8re, votre caf\u00e9 c\u00e9ramique \u00e0 Hy\u00e8res, pr\u00e8s de Toulon dans le Var.<\/p>\n<p>Rassemblez vos proches autour d&rsquo;une activit\u00e9 originale et pleine de bonne humeur !<\/p>\n<\/div><div class=\"fusion-separator fusion-full-width-sep\" style=\"align-self: center;margin-left: auto;margin-right: auto;margin-top:8px;margin-bottom:8px;width:100%;\"><\/div><\/div><\/div><\/div><\/div><div class=\"fusion-fullwidth fullwidth-box fusion-builder-row-2 fusion-flex-container has-pattern-background has-mask-background fusion-parallax-none nonhundred-percent-fullwidth non-hundred-percent-height-scrolling lazyload\" style=\"--awb-border-radius-top-left:0px;--awb-border-radius-top-right:0px;--awb-border-radius-bottom-right:0px;--awb-border-radius-bottom-left:0px;--awb-padding-bottom:26px;--awb-background-size:cover;--awb-flex-wrap:wrap;\" data-bg=\"https:\/\/cafelapotiere.fr\/wp-content\/uploads\/2025\/05\/fond_colore_2-1.png\" ><div class=\"fusion-builder-row fusion-row fusion-flex-align-items-flex-start fusion-flex-content-wrap\" style=\"max-width:1248px;margin-left: calc(-4% \/ 2 );margin-right: calc(-4% \/ 2 );\"><\/div><\/div><div class=\"fusion-fullwidth fullwidth-box fusion-builder-row-3 fusion-flex-container has-pattern-background has-mask-background nonhundred-percent-fullwidth non-hundred-percent-height-scrolling\" style=\"--awb-border-radius-top-left:0px;--awb-border-radius-top-right:0px;--awb-border-radius-bottom-right:0px;--awb-border-radius-bottom-left:0px;--awb-flex-wrap:wrap;\" ><div class=\"fusion-builder-row fusion-row fusion-flex-align-items-flex-start fusion-flex-content-wrap\" style=\"max-width:1248px;margin-left: calc(-4% \/ 2 );margin-right: calc(-4% \/ 2 );\"><div class=\"fusion-layout-column fusion_builder_column fusion-builder-column-1 fusion_builder_column_1_2 1_2 fusion-flex-column\" style=\"--awb-bg-size:cover;--awb-width-large:50%;--awb-margin-top-large:20px;--awb-spacing-right-large:3.84%;--awb-margin-bottom-large:20px;--awb-spacing-left-large:3.84%;--awb-width-medium:100%;--awb-order-medium:0;--awb-spacing-right-medium:1.92%;--awb-spacing-left-medium:1.92%;--awb-width-small:100%;--awb-order-small:0;--awb-spacing-right-small:1.92%;--awb-spacing-left-small:1.92%;\"><div class=\"fusion-column-wrapper fusion-column-has-shadow fusion-flex-justify-content-flex-start fusion-content-layout-column\"><div class=\"fusion-text fusion-text-2\"><h3 style=\"text-align: center; color: var(--awb-color4); font-size: 36px;\" data-fusion-font=\"true\">Anniversaires<\/h3>\n<\/div><div class=\"fusion-text fusion-text-3\"><p style=\"color: var(--awb-color4);\"><span style=\"color: var(--awb-text-color); font-family: var(--awb-text-font-family); font-size: var(--awb-font-size); font-style: var(--awb-text-font-style); letter-spacing: var(--awb-letter-spacing); text-align: var(--awb-content-alignment); text-transform: var(--awb-text-transform); background-color: var(--awb-bg-color-hover);\"><b>Un anniversaire pas comme les autres.<\/b> <\/span><span style=\"color: var(--awb-text-color); font-family: var(--awb-text-font-family); font-size: var(--awb-font-size); font-style: var(--awb-text-font-style); letter-spacing: var(--awb-letter-spacing); text-align: var(--awb-content-alignment); text-transform: var(--awb-text-transform); background-color: var(--awb-bg-color-hover);\"><b>Envie de f\u00eater votre anniversaire de fa\u00e7on originale et cr\u00e9ative ?<\/b><\/span><\/p>\n<p style=\"color: var(--awb-color4);\">Invitez vos proches \u00e0 partager un moment joyeux autour de la peinture sur c\u00e9ramique ! Rires, couleurs et souvenirs garantis.<\/p>\n<p style=\"color: var(--awb-color4);\">Vous pouvez r\u00e9server quelques tables, notre espace semi-privatif, ou m\u00eame privatiser tout l\u2019espace du Caf\u00e9 la Poti\u00e8re pour une c\u00e9l\u00e9bration inoubliable.<\/p>\n<p><span style=\"color: var(--awb-color4);\">Envie d\u2019en savoir plus ou d\u2019imaginer ensemble un \u00e9v\u00e9nement sur mesure ? Pour les groupes de plus de 10 personnes, il suffit de nous \u00e9crire via le formulaire. On vous r\u00e9pond vite avec le sourire pour une \u00e9v\u00e8nement sur-mesure !<\/span><\/p>\n<\/div><div ><a class=\"fusion-button button-flat fusion-button-default-size button-default fusion-button-default button-1 fusion-button-default-span fusion-button-default-type\" target=\"_self\"><span class=\"fusion-button-text awb-button__text awb-button__text--default\">Contactez-nous !<\/span><\/a><\/div><\/div><\/div><div class=\"fusion-layout-column fusion_builder_column fusion-builder-column-2 fusion_builder_column_1_2 1_2 fusion-flex-column\" style=\"--awb-bg-size:cover;--awb-width-large:50%;--awb-margin-top-large:20px;--awb-spacing-right-large:3.84%;--awb-margin-bottom-large:20px;--awb-spacing-left-large:3.84%;--awb-width-medium:100%;--awb-order-medium:0;--awb-spacing-right-medium:1.92%;--awb-spacing-left-medium:1.92%;--awb-width-small:100%;--awb-order-small:0;--awb-spacing-right-small:1.92%;--awb-spacing-left-small:1.92%;\"><div class=\"fusion-column-wrapper fusion-column-has-shadow fusion-flex-justify-content-flex-start fusion-content-layout-column\"><div class=\"fusion-image-element \" style=\"--awb-caption-title-font-family:var(--h2_typography-font-family);--awb-caption-title-font-weight:var(--h2_typography-font-weight);--awb-caption-title-font-style:var(--h2_typography-font-style);--awb-caption-title-size:var(--h2_typography-font-size);--awb-caption-title-transform:var(--h2_typography-text-transform);--awb-caption-title-line-height:var(--h2_typography-line-height);--awb-caption-title-letter-spacing:var(--h2_typography-letter-spacing);\"><span class=\" fusion-imageframe imageframe-none imageframe-1 hover-type-none\"><img decoding=\"async\" width=\"1920\" height=\"2560\" title=\"client_peinture\" src=\"https:\/\/cafelapotiere.fr\/wp-content\/uploads\/2025\/07\/client_peinture-scaled.jpg\" data-orig-src=\"https:\/\/cafelapotiere.fr\/wp-content\/uploads\/2025\/07\/client_peinture-scaled.jpg\" alt class=\"lazyload img-responsive wp-image-2877\" srcset=\"data:image\/svg+xml,%3Csvg%20xmlns%3D%27http%3A%2F%2Fwww.w3.org%2F2000%2Fsvg%27%20width%3D%271920%27%20height%3D%272560%27%20viewBox%3D%270%200%201920%202560%27%3E%3Crect%20width%3D%271920%27%20height%3D%272560%27%20fill-opacity%3D%220%22%2F%3E%3C%2Fsvg%3E\" data-srcset=\"https:\/\/cafelapotiere.fr\/wp-content\/uploads\/2025\/07\/client_peinture-200x267.jpg 200w, https:\/\/cafelapotiere.fr\/wp-content\/uploads\/2025\/07\/client_peinture-400x533.jpg 400w, https:\/\/cafelapotiere.fr\/wp-content\/uploads\/2025\/07\/client_peinture-600x800.jpg 600w, https:\/\/cafelapotiere.fr\/wp-content\/uploads\/2025\/07\/client_peinture-800x1067.jpg 800w, https:\/\/cafelapotiere.fr\/wp-content\/uploads\/2025\/07\/client_peinture-1200x1600.jpg 1200w, https:\/\/cafelapotiere.fr\/wp-content\/uploads\/2025\/07\/client_peinture-scaled.jpg 1920w\" data-sizes=\"auto\" data-orig-sizes=\"(max-width: 900px) 100vw, (max-width: 640px) 100vw, 600px\" \/><\/span><\/div><\/div><\/div><\/div><\/div><div class=\"fusion-fullwidth fullwidth-box fusion-builder-row-4 fusion-flex-container has-pattern-background has-mask-background nonhundred-percent-fullwidth non-hundred-percent-height-scrolling\" style=\"--awb-border-radius-top-left:0px;--awb-border-radius-top-right:0px;--awb-border-radius-bottom-right:0px;--awb-border-radius-bottom-left:0px;--awb-flex-wrap:wrap;\" ><div class=\"fusion-builder-row fusion-row fusion-flex-align-items-flex-start fusion-flex-content-wrap\" style=\"max-width:1248px;margin-left: calc(-4% \/ 2 );margin-right: calc(-4% \/ 2 );\"><div class=\"fusion-layout-column fusion_builder_column fusion-builder-column-3 fusion_builder_column_1_2 1_2 fusion-flex-column\" style=\"--awb-bg-size:cover;--awb-width-large:50%;--awb-margin-top-large:20px;--awb-spacing-right-large:3.84%;--awb-margin-bottom-large:20px;--awb-spacing-left-large:3.84%;--awb-width-medium:100%;--awb-order-medium:0;--awb-spacing-right-medium:1.92%;--awb-spacing-left-medium:1.92%;--awb-width-small:100%;--awb-order-small:0;--awb-spacing-right-small:1.92%;--awb-spacing-left-small:1.92%;\"><div class=\"fusion-column-wrapper fusion-column-has-shadow fusion-flex-justify-content-flex-start fusion-content-layout-column\"><div class=\"fusion-image-element \" style=\"--awb-aspect-ratio: 100 \/ 100;--awb-caption-title-font-family:var(--h2_typography-font-family);--awb-caption-title-font-weight:var(--h2_typography-font-weight);--awb-caption-title-font-style:var(--h2_typography-font-style);--awb-caption-title-size:var(--h2_typography-font-size);--awb-caption-title-transform:var(--h2_typography-text-transform);--awb-caption-title-line-height:var(--h2_typography-line-height);--awb-caption-title-letter-spacing:var(--h2_typography-letter-spacing);\"><span class=\" fusion-imageframe imageframe-none imageframe-2 hover-type-none has-aspect-ratio\"><img decoding=\"async\" width=\"1126\" height=\"2000\" title=\"clients_cafe-ceramique\" src=\"https:\/\/cafelapotiere.fr\/wp-content\/uploads\/2025\/07\/clients_cafe-ceramique.jpg\" data-orig-src=\"https:\/\/cafelapotiere.fr\/wp-content\/uploads\/2025\/07\/clients_cafe-ceramique.jpg\" class=\"lazyload img-responsive wp-image-2844 img-with-aspect-ratio\" data-parent-fit=\"cover\" data-parent-container=\".fusion-image-element\" alt srcset=\"data:image\/svg+xml,%3Csvg%20xmlns%3D%27http%3A%2F%2Fwww.w3.org%2F2000%2Fsvg%27%20width%3D%271126%27%20height%3D%272000%27%20viewBox%3D%270%200%201126%202000%27%3E%3Crect%20width%3D%271126%27%20height%3D%272000%27%20fill-opacity%3D%220%22%2F%3E%3C%2Fsvg%3E\" data-srcset=\"https:\/\/cafelapotiere.fr\/wp-content\/uploads\/2025\/07\/clients_cafe-ceramique-200x355.jpg 200w, https:\/\/cafelapotiere.fr\/wp-content\/uploads\/2025\/07\/clients_cafe-ceramique-400x710.jpg 400w, https:\/\/cafelapotiere.fr\/wp-content\/uploads\/2025\/07\/clients_cafe-ceramique-600x1066.jpg 600w, https:\/\/cafelapotiere.fr\/wp-content\/uploads\/2025\/07\/clients_cafe-ceramique-800x1421.jpg 800w, https:\/\/cafelapotiere.fr\/wp-content\/uploads\/2025\/07\/clients_cafe-ceramique.jpg 1126w\" data-sizes=\"auto\" data-orig-sizes=\"(max-width: 900px) 100vw, (max-width: 640px) 100vw, 600px\" \/><\/span><\/div><\/div><\/div><div class=\"fusion-layout-column fusion_builder_column fusion-builder-column-4 fusion_builder_column_1_2 1_2 fusion-flex-column\" style=\"--awb-bg-size:cover;--awb-width-large:50%;--awb-margin-top-large:20px;--awb-spacing-right-large:3.84%;--awb-margin-bottom-large:20px;--awb-spacing-left-large:3.84%;--awb-width-medium:100%;--awb-order-medium:0;--awb-spacing-right-medium:1.92%;--awb-spacing-left-medium:1.92%;--awb-width-small:100%;--awb-order-small:0;--awb-spacing-right-small:1.92%;--awb-spacing-left-small:1.92%;\"><div class=\"fusion-column-wrapper fusion-column-has-shadow fusion-flex-justify-content-flex-start fusion-content-layout-column\"><div class=\"fusion-text fusion-text-4\"><h3 style=\"text-align: center; font-size: 36px; color: var(--awb-color3); --fontSize: 36; line-height: 1.36;\" data-fusion-font=\"true\" data-fontsize=\"36\" data-lineheight=\"48.959999084472656px\" class=\"fusion-responsive-typography-calculated\">EVJF\/EVG<\/h3>\n<\/div><div class=\"fusion-text fusion-text-5\"><p style=\"color: var(--awb-color3);\">Envie de marquer le coup avant le grand jour ? \u00c0 La Poti\u00e8re caf\u00e9 c\u00e9ramique, on vous propose un moment joyeux et cr\u00e9atif \u00e0 partager entre ami\u00b7es : parfait pour un EVJF ou un EVG plein de bonne humeur !<\/p>\n<p style=\"color: var(--awb-color3);\">Entre rires, coups de pinceaux et souvenirs \u00e0 cr\u00e9er, chacun repartira avec une pi\u00e8ce unique \u2014 un petit bout de cette journ\u00e9e pas comme les autres.<\/p>\n<p style=\"color: var(--awb-color3);\">Vous \u00eates plus de 10 ? \u00c9crivez-nous, et on imagine ensemble un moment sur mesure qui vous ressemble.<\/p>\n<\/div><div ><a class=\"fusion-button button-flat fusion-button-default-size button-default fusion-button-default button-2 fusion-button-default-span fusion-button-default-type\" target=\"_self\"><span class=\"fusion-button-text awb-button__text awb-button__text--default\">Contactez-nous !<\/span><\/a><\/div><\/div><\/div><\/div><\/div><\/p>\n","protected":false},"excerpt":{"rendered":"","protected":false},"author":1,"featured_media":0,"parent":0,"menu_order":0,"comment_status":"closed","ping_status":"closed","template":"100-width.php","meta":{"footnotes":""},"class_list":["post-2391","page","type-page","status-publish","hentry"],"_links":{"self":[{"href":"https:\/\/cafelapotiere.fr\/index.php\/wp-json\/wp\/v2\/pages\/2391","targetHints":{"allow":["GET"]}}],"collection":[{"href":"https:\/\/cafelapotiere.fr\/index.php\/wp-json\/wp\/v2\/pages"}],"about":[{"href":"https:\/\/cafelapotiere.fr\/index.php\/wp-json\/wp\/v2\/types\/page"}],"author":[{"embeddable":true,"href":"https:\/\/cafelapotiere.fr\/index.php\/wp-json\/wp\/v2\/users\/1"}],"replies":[{"embeddable":true,"href":"https:\/\/cafelapotiere.fr\/index.php\/wp-json\/wp\/v2\/comments?post=2391"}],"version-history":[{"count":8,"href":"https:\/\/cafelapotiere.fr\/index.php\/wp-json\/wp\/v2\/pages\/2391\/revisions"}],"predecessor-version":[{"id":2878,"href":"https:\/\/cafelapotiere.fr\/index.php\/wp-json\/wp\/v2\/pages\/2391\/revisions\/2878"}],"wp:attachment":[{"href":"https:\/\/cafelapotiere.fr\/index.php\/wp-json\/wp\/v2\/media?parent=2391"}],"curies":[{"name":"wp","href":"https:\/\/api.w.org\/{rel}","templated":true}]}}