{"id":2396,"date":"2025-05-09T16:33:20","date_gmt":"2025-05-09T14:33:20","guid":{"rendered":"https:\/\/cafelapotiere.fr\/?page_id=2396"},"modified":"2025-07-11T18:30:59","modified_gmt":"2025-07-11T16:30:59","slug":"entreprises","status":"publish","type":"page","link":"https:\/\/cafelapotiere.fr\/index.php\/entreprises\/","title":{"rendered":"Entreprises"},"content":{"rendered":"<p><div class=\"fusion-fullwidth fullwidth-box fusion-builder-row-1 fusion-flex-container nonhundred-percent-fullwidth non-hundred-percent-height-scrolling\" style=\"--awb-border-radius-top-left:0px;--awb-border-radius-top-right:0px;--awb-border-radius-bottom-right:0px;--awb-border-radius-bottom-left:0px;--awb-padding-top:4%;--awb-padding-bottom:4%;--awb-padding-bottom-small:0px;--awb-background-image:linear-gradient(180deg, var(--awb-color2) 50%,rgba(255,255,255,0) 83%);--awb-flex-wrap:wrap;\" ><div class=\"fusion-builder-row fusion-row fusion-flex-align-items-stretch fusion-flex-justify-content-center fusion-flex-content-wrap\" style=\"max-width:1248px;margin-left: calc(-4% \/ 2 );margin-right: calc(-4% \/ 2 );\"><div class=\"fusion-layout-column fusion_builder_column fusion-builder-column-0 fusion_builder_column_3_5 3_5 fusion-flex-column\" style=\"--awb-bg-size:cover;--awb-width-large:60%;--awb-margin-top-large:40px;--awb-spacing-right-large:3.2%;--awb-margin-bottom-large:40px;--awb-spacing-left-large:3.2%;--awb-width-medium:100%;--awb-spacing-right-medium:1.92%;--awb-spacing-left-medium:1.92%;--awb-width-small:100%;--awb-spacing-right-small:1.92%;--awb-spacing-left-small:1.92%;\"><div class=\"fusion-column-wrapper fusion-column-has-shadow fusion-flex-justify-content-center fusion-content-layout-column\"><div class=\"fusion-separator fusion-full-width-sep\" style=\"align-self: center;margin-left: auto;margin-right: auto;margin-top:5px;margin-bottom:5px;width:100%;\"><\/div><div class=\"fusion-title title fusion-title-1 fusion-sep-none fusion-title-center fusion-title-text fusion-title-size-one\" style=\"--awb-text-color:var(--awb-color3);--awb-margin-bottom:25px;--awb-font-size:56px;\"><h1 class=\"fusion-title-heading title-heading-center fusion-responsive-typography-calculated\" style=\"margin:0;font-size:1em;--fontSize:56;line-height:1.21;\">Team building<\/h1><\/div><div class=\"fusion-text fusion-text-1\"><p style=\"font-size: 18px; line-height: 30px; text-align: center;\" data-fusion-font=\"true\">Offrez \u00e0 <strong>vos \u00e9quipes<\/strong> un <strong>moment de d\u00e9tente<\/strong> et de <strong>cr\u00e9ation<\/strong> hors du cadre habituel. Que ce soit pour un <strong>team building<\/strong>, une pause inspirante ou un \u00e9v\u00e9nement d\u2019entreprise, nous vous accueillons dans un cadre chaleureux, avec ou sans privatisation. Formules sur-mesure, activit\u00e9s cr\u00e9atives, boissons gourmandes : nous nous adaptons \u00e0 vos envies pour faire de ce moment un vrai temps fort collectif.<\/p>\n<\/div><div class=\"fusion-separator fusion-full-width-sep\" style=\"align-self: center;margin-left: auto;margin-right: auto;margin-top:8px;margin-bottom:8px;width:100%;\"><\/div><\/div><\/div><\/div><\/div><div class=\"fusion-fullwidth fullwidth-box fusion-builder-row-2 fusion-flex-container has-pattern-background has-mask-background fusion-parallax-none nonhundred-percent-fullwidth non-hundred-percent-height-scrolling lazyload\" style=\"--awb-border-radius-top-left:0px;--awb-border-radius-top-right:0px;--awb-border-radius-bottom-right:0px;--awb-border-radius-bottom-left:0px;--awb-padding-bottom:26px;--awb-margin-top:0px;--awb-margin-bottom:42px;--awb-background-size:cover;--awb-flex-wrap:wrap;\" data-bg=\"https:\/\/cafelapotiere.fr\/wp-content\/uploads\/2025\/05\/fond_colore_2-1.png\" ><div class=\"fusion-builder-row fusion-row fusion-flex-align-items-flex-start fusion-flex-content-wrap\" style=\"max-width:1248px;margin-left: calc(-4% \/ 2 );margin-right: calc(-4% \/ 2 );\"><\/div><\/div><div class=\"fusion-fullwidth fullwidth-box fusion-builder-row-3 fusion-flex-container has-pattern-background has-mask-background nonhundred-percent-fullwidth non-hundred-percent-height-scrolling\" style=\"--awb-border-radius-top-left:0px;--awb-border-radius-top-right:0px;--awb-border-radius-bottom-right:0px;--awb-border-radius-bottom-left:0px;--awb-flex-wrap:wrap;\" ><div class=\"fusion-builder-row fusion-row fusion-flex-align-items-flex-start fusion-flex-content-wrap\" style=\"max-width:1248px;margin-left: calc(-4% \/ 2 );margin-right: calc(-4% \/ 2 );\"><div class=\"fusion-layout-column fusion_builder_column fusion-builder-column-1 fusion_builder_column_1_3 1_3 fusion-flex-column\" style=\"--awb-bg-size:cover;--awb-width-large:33.333333333333%;--awb-margin-top-large:20px;--awb-spacing-right-large:5.76%;--awb-margin-bottom-large:20px;--awb-spacing-left-large:5.76%;--awb-width-medium:100%;--awb-order-medium:0;--awb-spacing-right-medium:1.92%;--awb-spacing-left-medium:1.92%;--awb-width-small:100%;--awb-order-small:0;--awb-spacing-right-small:1.92%;--awb-spacing-left-small:1.92%;\"><div class=\"fusion-column-wrapper fusion-column-has-shadow fusion-flex-justify-content-flex-start fusion-content-layout-column\"><div class=\"fusion-text fusion-text-2\"><h2 style=\"text-align: center; color: var(--awb-color8); font-size: 26px;\" data-fusion-font=\"true\">Cr\u00e9ativit\u00e9<\/h2>\n<\/div><div class=\"fusion-text fusion-text-3\"><p style=\"text-align: center; color: var(--awb-color7);\">Nous croyons fermement que la cr\u00e9ativit\u00e9 joue un r\u00f4le essentiel dans le d\u00e9veloppement personnel, la r\u00e9ussite des projets et l\u2019innovation. En organisant un teambuilding cr\u00e9atif et manuel, vous offrez \u00e0 vos \u00e9quipes une occasion unique de stimuler leur imagination, de renforcer leur coh\u00e9sion et de cultiver leur esprit cr\u00e9atif dans un cadre convivial et inspirant.<\/p>\n<\/div><\/div><\/div><div class=\"fusion-layout-column fusion_builder_column fusion-builder-column-2 fusion_builder_column_1_3 1_3 fusion-flex-column\" style=\"--awb-bg-size:cover;--awb-width-large:33.333333333333%;--awb-margin-top-large:20px;--awb-spacing-right-large:5.76%;--awb-margin-bottom-large:20px;--awb-spacing-left-large:5.76%;--awb-width-medium:100%;--awb-order-medium:0;--awb-spacing-right-medium:1.92%;--awb-spacing-left-medium:1.92%;--awb-width-small:100%;--awb-order-small:0;--awb-spacing-right-small:1.92%;--awb-spacing-left-small:1.92%;\"><div class=\"fusion-column-wrapper fusion-column-has-shadow fusion-flex-justify-content-flex-start fusion-content-layout-column\"><div class=\"fusion-text fusion-text-4\"><h2 style=\"text-align: center; color: var(--awb-color8); font-size: 26px;\" data-fusion-font=\"true\">Coh\u00e9sion<\/h2>\n<\/div><div class=\"fusion-text fusion-text-5\"><p style=\"text-align: center;\">Nous croyons fermement que la cr\u00e9ativit\u00e9 joue un r\u00f4le essentiel dans le d\u00e9veloppement personnel, la r\u00e9ussite des projets et l\u2019innovation. En organisant un teambuilding cr\u00e9atif et manuel, vous offrez \u00e0 vos \u00e9quipes une occasion unique de stimuler leur imagination, de renforcer leur coh\u00e9sion et de cultiver leur esprit cr\u00e9atif dans un cadre convivial et inspirant.<\/p>\n<\/div><\/div><\/div><div class=\"fusion-layout-column fusion_builder_column fusion-builder-column-3 fusion_builder_column_1_3 1_3 fusion-flex-column\" style=\"--awb-bg-size:cover;--awb-width-large:33.333333333333%;--awb-margin-top-large:20px;--awb-spacing-right-large:5.76%;--awb-margin-bottom-large:20px;--awb-spacing-left-large:5.76%;--awb-width-medium:100%;--awb-order-medium:0;--awb-spacing-right-medium:1.92%;--awb-spacing-left-medium:1.92%;--awb-width-small:100%;--awb-order-small:0;--awb-spacing-right-small:1.92%;--awb-spacing-left-small:1.92%;\"><div class=\"fusion-column-wrapper fusion-column-has-shadow fusion-flex-justify-content-flex-start fusion-content-layout-column\"><div class=\"fusion-text fusion-text-6\"><h2 style=\"text-align: center; color: var(--awb-color8); font-size: 26px;\" data-fusion-font=\"true\">Bien-\u00eatre<\/h2>\n<\/div><div class=\"fusion-text fusion-text-7\"><p style=\"text-align: center;\">Nous croyons fermement que la cr\u00e9ativit\u00e9 joue un r\u00f4le essentiel dans le d\u00e9veloppement personnel, la r\u00e9ussite des projets et l\u2019innovation. En organisant un teambuilding cr\u00e9atif et manuel, vous offrez \u00e0 vos \u00e9quipes une occasion unique de stimuler leur imagination, de renforcer leur coh\u00e9sion et de cultiver leur esprit cr\u00e9atif dans un cadre convivial et inspirant.<\/p>\n<\/div><\/div><\/div><\/div><\/div><div class=\"fusion-bg-parallax\" data-bg-align=\"center center\" data-direction=\"up\" data-mute=\"false\" data-opacity=\"100\" data-velocity=\"-0.3\" data-mobile-enabled=\"false\" data-break_parents=\"0\" data-bg-image=\"https:\/\/cafelapotiere.fr\/wp-content\/uploads\/2025\/05\/fond_colore_4.png\" data-bg-repeat=\"false\" ><\/div><div class=\"fusion-fullwidth fullwidth-box fusion-builder-row-4 fusion-flex-container has-pattern-background has-mask-background fusion-parallax-up nonhundred-percent-fullwidth non-hundred-percent-height-scrolling lazyload\" style=\"--awb-border-radius-top-left:0px;--awb-border-radius-top-right:0px;--awb-border-radius-bottom-right:0px;--awb-border-radius-bottom-left:0px;--awb-margin-bottom:103px;--awb-background-size:cover;--awb-flex-wrap:wrap;\" data-bg=\"https:\/\/cafelapotiere.fr\/wp-content\/uploads\/2025\/05\/fond_colore_4.png\" ><div class=\"awb-background-mask\" style=\"background-image:  url(data:image\/svg+xml;utf8,%3Csvg%20width%3D%221920%22%20height%3D%22954%22%20fill%3D%22none%22%20xmlns%3D%22http%3A%2F%2Fwww.w3.org%2F2000%2Fsvg%22%3E%3Cpath%20fill-rule%3D%22evenodd%22%20clip-rule%3D%22evenodd%22%20d%3D%22M1920%20445.163c-2.92%203.137-5.9%206.234-8.96%209.288-123.43%20123.436-316.13%20135.398-452.99%2035.887l245%20184.622c-116.76%20154.952-336.57%20186.262-490.94%2069.933-36.72-27.669-66.43-61.199-88.81-98.322l157.02%20271.978c-124.14%2071.672-282.874%2029.138-354.546-95.001-71.672-124.14-29.139-282.876%2094.996-354.548l95.91%20166.116c-64.81-117.365-58.83-267.08%2027.33-381.421l304.5%20229.454a353.453%20353.453%200%2001-32.44-28.698C1292.2%20330.576%201280.59%20136.947%201381.25%200H0v954h1920V445.163z%22%20fill%3D%22rgba%28255%2C255%2C255%2C1%29%22%2F%3E%3C%2Fsvg%3E);opacity: 1 ;transform: scale(1, 1);mix-blend-mode:normal;\"><\/div><div class=\"fusion-builder-row fusion-row fusion-flex-align-items-flex-start fusion-flex-content-wrap\" style=\"max-width:1248px;margin-left: calc(-4% \/ 2 );margin-right: calc(-4% \/ 2 );\"><div class=\"fusion-layout-column fusion_builder_column fusion-builder-column-4 fusion_builder_column_1_2 1_2 fusion-flex-column\" style=\"--awb-bg-size:cover;--awb-width-large:50%;--awb-margin-top-large:20px;--awb-spacing-right-large:3.84%;--awb-margin-bottom-large:20px;--awb-spacing-left-large:3.84%;--awb-width-medium:100%;--awb-order-medium:0;--awb-spacing-right-medium:1.92%;--awb-spacing-left-medium:1.92%;--awb-width-small:100%;--awb-order-small:0;--awb-spacing-right-small:1.92%;--awb-spacing-left-small:1.92%;\"><div class=\"fusion-column-wrapper fusion-column-has-shadow fusion-flex-justify-content-flex-start fusion-content-layout-column\"><div class=\"fusion-text fusion-text-8\"><h3 class=\"fusion-responsive-typography-calculated\" style=\"text-align: center; color: var(--awb-color4); font-size: 36px; --fontsize: 36; line-height: 1.36;\" data-fusion-font=\"true\" data-fontsize=\"36\" data-lineheight=\"48.959999084472656px\">Chez nous ! Au caf\u00e9 c\u00e9ramique<\/h3>\n<\/div><div class=\"fusion-text fusion-text-9\"><p>Nos ateliers de peinture sur c\u00e9ramique s\u2019adaptent \u00e0 toutes vos envies et \u00e0 tous vos besoins. Parfaits pour un teambuilding, un \u00e9v\u00e9nement d\u2019entreprise ou un moment de partage entre coll\u00e8gues, ils sont disponibles en plusieurs formules et peuvent \u00eatre accompagn\u00e9s ou non d\u2019une offre de restauration que ce soit pour le d\u00e9jeuner, le go\u00fbter ou l\u2019ap\u00e9ritif. Dans nos caf\u00e9s c\u00e9ramiques, vous pouvez r\u00e9server quelques tables pour un petit groupe, ou m\u00eame r\u00e9server l\u2019int\u00e9gralit\u00e9 de l\u2019un de nos lieux \u00e0 la d\u00e9coration soign\u00e9e et chaleureuse.<\/p>\n<p>La dur\u00e9e de l\u2019activit\u00e9 est de 2h30. Nos \u00e9quipes, form\u00e9es \u00e0 l\u2019animation d\u2019ateliers de peinture sur c\u00e9ramique, accompagnent les participants en leur pr\u00e9sentant des techniques simples et des sources d\u2019inspiration pour cr\u00e9er une pi\u00e8ce unique et personnalis\u00e9e. L\u2019atelier est con\u00e7u pour \u00eatre accessible \u00e0 tous, favorisant la cr\u00e9ativit\u00e9, la relaxation et le travail d\u2019\u00e9quipe dans un cadre convivial.<\/p>\n<p>Une fois les pi\u00e8ces termin\u00e9es, nous assurons l\u2019\u00e9maillage et la cuisson dans nos ateliers. Vous pourrez ensuite r\u00e9cup\u00e9rer vos oeuvres d\u2019art directement en boutique, ou dans vos locaux avec notre option de livraison!<\/p>\n<\/div><div ><a class=\"fusion-button button-flat fusion-button-default-size button-default fusion-button-default button-1 fusion-button-default-span fusion-button-default-type\" target=\"_self\"><span class=\"fusion-button-text awb-button__text awb-button__text--default\">Demande de devis !<\/span><\/a><\/div><\/div><\/div><div class=\"fusion-layout-column fusion_builder_column fusion-builder-column-5 fusion_builder_column_1_2 1_2 fusion-flex-column\" style=\"--awb-bg-size:cover;--awb-width-large:50%;--awb-margin-top-large:20px;--awb-spacing-right-large:3.84%;--awb-margin-bottom-large:20px;--awb-spacing-left-large:3.84%;--awb-width-medium:100%;--awb-order-medium:0;--awb-spacing-right-medium:1.92%;--awb-spacing-left-medium:1.92%;--awb-width-small:100%;--awb-order-small:0;--awb-spacing-right-small:1.92%;--awb-spacing-left-small:1.92%;\"><div class=\"fusion-column-wrapper fusion-column-has-shadow fusion-flex-justify-content-flex-start fusion-content-layout-column\"><\/div><\/div><\/div><\/div><div class=\"fusion-fullwidth fullwidth-box fusion-builder-row-5 fusion-flex-container has-pattern-background has-mask-background fusion-parallax-fixed nonhundred-percent-fullwidth non-hundred-percent-height-scrolling lazyload\" style=\"--awb-border-radius-top-left:0px;--awb-border-radius-top-right:0px;--awb-border-radius-bottom-right:0px;--awb-border-radius-bottom-left:0px;--awb-margin-top:0px;--awb-margin-bottom:73px;--awb-background-size:cover;--awb-flex-wrap:wrap;background-attachment:fixed;\" data-bg=\"https:\/\/cafelapotiere.fr\/wp-content\/uploads\/2025\/05\/fond_colore_2-1.png\" ><div class=\"awb-background-mask\" style=\"background-image:  url(data:image\/svg+xml;utf8,%3Csvg%20width%3D%221920%22%20height%3D%22954%22%20fill%3D%22none%22%20xmlns%3D%22http%3A%2F%2Fwww.w3.org%2F2000%2Fsvg%22%3E%3Cpath%20fill-rule%3D%22evenodd%22%20clip-rule%3D%22evenodd%22%20d%3D%22M1825.81%20268.638c-6.34%209.063-8.07%2020.566-5.16%2031.236%204.79%2017.562%207.35%2036.045%207.35%2055.126%200%2096.169-64.95%20177.168-153.38%20201.519-20.69%205.696-34.4%2028.702-29.1%2049.493%203.59%2014.108%2015.52%2025.271%2029.92%2027.399C1783.26%20649.339%201866%20742.257%201866%20854.5c0%2035.748-8.39%2069.535-23.31%2099.5H1920V0h-41.08c5.29%2023.823%208.08%2048.586%208.08%2074%200%2072.392-22.62%20139.5-61.19%20194.638zM1215.08%200c-5.29%2023.823-8.08%2048.586-8.08%2074%200%2046.922%209.5%2091.624%2026.69%20132.285%207.71%2018.227-.51%2039.945-17.44%2050.19C1160.96%20289.938%201124%20350.653%201124%20420c0%2010.258.81%2020.327%202.37%2030.146%203.08%2019.43-15.7%2040.854-35.37%2040.854-93.888%200-170%2076.112-170%20170s76.112%20170%20170%20170c41.09%200%2078.78-14.579%20108.17-38.847%2021.89-18.078%2066.76-16.212%2085.59%205.041%2027.99%2031.604%2065.37%2054.706%20107.77%2064.945%2015.25%203.684%2027.18%2016.239%2029.92%2031.69A221.86%20221.86%200%20001442.31%20954H0V0h1215.08z%22%20fill%3D%22rgba%28255%2C255%2C255%2C1%29%22%2F%3E%3C%2Fsvg%3E);opacity: 1 ;transform: scale(-1, 1);mix-blend-mode:normal;\"><\/div><div class=\"fusion-builder-row fusion-row fusion-flex-align-items-flex-start fusion-flex-content-wrap\" style=\"max-width:1248px;margin-left: calc(-4% \/ 2 );margin-right: calc(-4% \/ 2 );\"><div class=\"fusion-layout-column fusion_builder_column fusion-builder-column-6 fusion_builder_column_1_2 1_2 fusion-flex-column\" style=\"--awb-bg-size:cover;--awb-width-large:50%;--awb-margin-top-large:20px;--awb-spacing-right-large:3.84%;--awb-margin-bottom-large:20px;--awb-spacing-left-large:3.84%;--awb-width-medium:100%;--awb-order-medium:0;--awb-spacing-right-medium:1.92%;--awb-spacing-left-medium:1.92%;--awb-width-small:100%;--awb-order-small:0;--awb-spacing-right-small:1.92%;--awb-spacing-left-small:1.92%;\"><div class=\"fusion-column-wrapper fusion-column-has-shadow fusion-flex-justify-content-flex-start fusion-content-layout-column\"><\/div><\/div><div class=\"fusion-layout-column fusion_builder_column fusion-builder-column-7 fusion_builder_column_1_2 1_2 fusion-flex-column\" style=\"--awb-bg-size:cover;--awb-width-large:50%;--awb-margin-top-large:20px;--awb-spacing-right-large:3.84%;--awb-margin-bottom-large:20px;--awb-spacing-left-large:3.84%;--awb-width-medium:100%;--awb-order-medium:0;--awb-spacing-right-medium:1.92%;--awb-spacing-left-medium:1.92%;--awb-width-small:100%;--awb-order-small:0;--awb-spacing-right-small:1.92%;--awb-spacing-left-small:1.92%;\"><div class=\"fusion-column-wrapper fusion-column-has-shadow fusion-flex-justify-content-flex-start fusion-content-layout-column\"><div class=\"fusion-text fusion-text-10\"><h3 class=\"fusion-responsive-typography-calculated\" style=\"text-align: center; font-size: 36px; color: var(--awb-color3); --fontsize: 36; line-height: 1.36;\" data-fusion-font=\"true\" data-fontsize=\"36\" data-lineheight=\"48.959999084472656px\">Chez vous, <span style=\"color: var(--awb-color3); font-family: var(--h3_typography-font-family); font-size: 36px; font-style: var(--h3_typography-font-style,normal); font-weight: var(--h3_typography-font-weight); letter-spacing: var(--h3_typography-letter-spacing); text-transform: var(--h3_typography-text-transform); background-color: var(--awb-bg-color-hover);\">dans vos locaux !<\/span><\/h3>\n<\/div><div class=\"fusion-text fusion-text-11\"><p>Nous apportons l\u2019exp\u00e9rience unique de la peinture sur c\u00e9ramique directement dans vos locaux ! Pour vos \u00e9v\u00e9nements d\u2019entreprise, vos teambuildings ou simplement pour offrir \u00e0 vos \u00e9quipes un moment de cr\u00e9ativit\u00e9 et de d\u00e9tente, notre \u00e9quipe se d\u00e9place dans vos bureaux avec tout le mat\u00e9riel n\u00e9cessaire \u00e0 l\u2019atelier de c\u00e9ramique.<\/p>\n<p>Chaque participant pourra personnaliser sa pi\u00e8ce en toute simplicit\u00e9, guid\u00e9 par nos animateur.rice.s expertes. Cette activit\u00e9, accessible \u00e0 tous, est id\u00e9ale pour favoriser la coh\u00e9sion d\u2019\u00e9quipe, la relaxation et le bien-\u00eatre au travail.<\/p>\n<p>Une fois les cr\u00e9ations termin\u00e9es, nous les transportons dans nos caf\u00e9s c\u00e9ramiques pour les \u00e9mailler et les cuire avec soin. Les pi\u00e8ces finalis\u00e9es pourront ensuite \u00eatre r\u00e9cup\u00e9r\u00e9es sur place ou livr\u00e9es directement dans vos locaux, afin que chaque participant reparte avec un souvenir unique et personnalis\u00e9.<\/p>\n<\/div><div ><a class=\"fusion-button button-flat fusion-button-default-size button-default fusion-button-default button-2 fusion-button-default-span fusion-button-default-type\" target=\"_self\"><span class=\"fusion-button-text awb-button__text awb-button__text--default\">Demande de devis !<\/span><\/a><\/div><\/div><\/div><\/div><\/div><\/p>\n","protected":false},"excerpt":{"rendered":"","protected":false},"author":1,"featured_media":0,"parent":0,"menu_order":0,"comment_status":"closed","ping_status":"closed","template":"100-width.php","meta":{"footnotes":""},"class_list":["post-2396","page","type-page","status-publish","hentry"],"_links":{"self":[{"href":"https:\/\/cafelapotiere.fr\/index.php\/wp-json\/wp\/v2\/pages\/2396","targetHints":{"allow":["GET"]}}],"collection":[{"href":"https:\/\/cafelapotiere.fr\/index.php\/wp-json\/wp\/v2\/pages"}],"about":[{"href":"https:\/\/cafelapotiere.fr\/index.php\/wp-json\/wp\/v2\/types\/page"}],"author":[{"embeddable":true,"href":"https:\/\/cafelapotiere.fr\/index.php\/wp-json\/wp\/v2\/users\/1"}],"replies":[{"embeddable":true,"href":"https:\/\/cafelapotiere.fr\/index.php\/wp-json\/wp\/v2\/comments?post=2396"}],"version-history":[{"count":6,"href":"https:\/\/cafelapotiere.fr\/index.php\/wp-json\/wp\/v2\/pages\/2396\/revisions"}],"predecessor-version":[{"id":2881,"href":"https:\/\/cafelapotiere.fr\/index.php\/wp-json\/wp\/v2\/pages\/2396\/revisions\/2881"}],"wp:attachment":[{"href":"https:\/\/cafelapotiere.fr\/index.php\/wp-json\/wp\/v2\/media?parent=2396"}],"curies":[{"name":"wp","href":"https:\/\/api.w.org\/{rel}","templated":true}]}}