{"id":2914,"date":"2025-11-05T22:52:07","date_gmt":"2025-11-05T21:52:07","guid":{"rendered":"https:\/\/cafelapotiere.fr\/?post_type=product&#038;p=2914"},"modified":"2025-12-22T10:33:56","modified_gmt":"2025-12-22T09:33:56","slug":"carte-cadeau","status":"publish","type":"product","link":"https:\/\/cafelapotiere.fr\/index.php\/produit\/carte-cadeau\/","title":{"rendered":"Carte Cadeau"},"content":{"rendered":"<p>La Carte Cadeau du Caf\u00e9 La Poti\u00e8re :<\/p>\n<ul>\n<li>Elle peut \u00eatre du montant de votre choix (n&rsquo;h\u00e9sitez pas \u00e0 nous contacter si le montant d\u00e9sir\u00e9 n&rsquo;est pas dans la liste)<\/li>\n<li>Elle est nominative (merci de bien nous pr\u00e9ciser le pr\u00e9nom et le nom du destinataire de la carte cadeau)<\/li>\n<li>Elle sera \u00e9dit\u00e9e manuellement par nos \u00e9quipes (normalement nous faisons cela sous 48h &#8211; merci pour votre patience)<\/li>\n<li>Elle sera par d\u00e9faut envoy\u00e9e par email au format PDF (si vous la souhaitez au format papier, merci de passer la r\u00e9cup\u00e9rer au caf\u00e9)<\/li>\n<li>Elle sera valable un an et pourra \u00eatre utilis\u00e9e (en une ou plusieurs fois) pour l&rsquo;atelier d\u00e9cor et les consommations<\/li>\n<\/ul>\n","protected":false},"excerpt":{"rendered":"<p>Envie d&rsquo;offrir un cadeau original? Offrez une Carte Cadeau au Caf\u00e9 La Poti\u00e8re:<\/p>\n<ul>\n<li>Choisissez le montant de votre choix<\/li>\n<li>Remplissez le formulaire d&rsquo;achat, avec les informations du destinataire du bon cadeau (pr\u00e9nom\/nom)<\/li>\n<li>Une carte au format PDF vous sera ensuite envoy\u00e9e par email, afin que vous puissiez la partager avec le \/ la chanceuse<\/li>\n<li>Cette carte sera valable un an<\/li>\n<\/ul>\n","protected":false},"featured_media":2987,"template":"","meta":[],"product_brand":[],"product_cat":[55],"product_tag":[],"class_list":{"0":"post-2914","1":"product","2":"type-product","3":"status-publish","4":"has-post-thumbnail","6":"product_cat-non-classe","8":"first","9":"instock","10":"shipping-taxable","11":"purchasable","12":"product-type-variable"},"_links":{"self":[{"href":"https:\/\/cafelapotiere.fr\/index.php\/wp-json\/wp\/v2\/product\/2914","targetHints":{"allow":["GET"]}}],"collection":[{"href":"https:\/\/cafelapotiere.fr\/index.php\/wp-json\/wp\/v2\/product"}],"about":[{"href":"https:\/\/cafelapotiere.fr\/index.php\/wp-json\/wp\/v2\/types\/product"}],"wp:featuredmedia":[{"embeddable":true,"href":"https:\/\/cafelapotiere.fr\/index.php\/wp-json\/wp\/v2\/media\/2987"}],"wp:attachment":[{"href":"https:\/\/cafelapotiere.fr\/index.php\/wp-json\/wp\/v2\/media?parent=2914"}],"wp:term":[{"taxonomy":"product_brand","embeddable":true,"href":"https:\/\/cafelapotiere.fr\/index.php\/wp-json\/wp\/v2\/product_brand?post=2914"},{"taxonomy":"product_cat","embeddable":true,"href":"https:\/\/cafelapotiere.fr\/index.php\/wp-json\/wp\/v2\/product_cat?post=2914"},{"taxonomy":"product_tag","embeddable":true,"href":"https:\/\/cafelapotiere.fr\/index.php\/wp-json\/wp\/v2\/product_tag?post=2914"}],"curies":[{"name":"wp","href":"https:\/\/api.w.org\/{rel}","templated":true}]}}